{"id":332,"date":"2018-03-14T19:33:18","date_gmt":"2018-03-14T19:33:18","guid":{"rendered":"http:\/\/schaadt-hochzwei.de\/?page_id=332"},"modified":"2020-08-20T11:52:11","modified_gmt":"2020-08-20T11:52:11","slug":"dokumentation-im-medizinkontrolling","status":"publish","type":"page","link":"https:\/\/redemz.schaadt-online.de\/wp_sh2\/?page_id=332","title":{"rendered":"Medizincontrolling"},"content":{"rendered":"<p>[et_pb_section fb_built=&#8220;1&#8243; _builder_version=&#8220;3.22.3&#8243; background_color=&#8220;#dbdbdb&#8220; border_style_all=&#8220;dashed&#8220; custom_padding=&#8220;0|0px|54px|0px&#8220;][et_pb_row _builder_version=&#8220;3.22.3&#8243;][et_pb_column type=&#8220;4_4&#8243; _builder_version=&#8220;3.0.47&#8243;][et_pb_blurb title=&#8220;Prozesse und Kommunikation im Medizincontrolling&#8220; _builder_version=&#8220;3.23.3&#8243;][\/et_pb_blurb][\/et_pb_column][\/et_pb_row][et_pb_row _builder_version=&#8220;3.23.3&#8243; module_alignment=&#8220;center&#8220;][et_pb_column type=&#8220;1_4&#8243; _builder_version=&#8220;3.0.47&#8243;][et_pb_sidebar area=&#8220;sidebar-1&#8243; _builder_version=&#8220;3.23.3&#8243; body_font=&#8220;||||||||&#8220;]&nbsp;<br \/>\n[\/et_pb_sidebar][\/et_pb_column][et_pb_column type=&#8220;3_4&#8243; _builder_version=&#8220;3.0.47&#8243;][et_pb_blurb _builder_version=&#8220;3.0.106&#8243; header_font_size=&#8220;18px&#8220;]Zugeschnitten auf die Fragestellungen in Ihrer Klinik erarbeiten wir gemeinsam mit Ihrem Medizincontrolling, den \u00c4rzten und Pflegenden, M\u00f6glichkeiten einer schlanken Dokumentation, die allen gesetzlichen Anforderungen gen\u00fcgt, Ihre Erl\u00f6se steigert und vor dem MDK sichert.<br \/>\n[\/et_pb_blurb][et_pb_blurb title=&#8220;Es gibt gute Gr\u00fcnde etwas Neues auszuprobieren! So starten wir:&#8220; _builder_version=&#8220;3.0.106&#8243; header_font=&#8220;||||||||&#8220; header_font_size=&#8220;18px&#8220;]Auf Basis der Analyse des \u00a721er-Datensatzes ermitteln wir mit der Gesch\u00e4ftsf\u00fchrung, dem Medizincontrolling und Repr\u00e4sentanten aller Abteilungen die St\u00e4rken und Schw\u00e4chen der Dokumentation und Kodierung in Ihrer Klinik und konzipieren gemeinsam die Beratung und deren Ziele.<\/p>\n<p>Einen ersten zeitlichen Rahmen daf\u00fcr k\u00f6nnen wir gerne vorab in einem Telefonat kl\u00e4ren.<br \/>\n[\/et_pb_blurb][et_pb_blurb title=&#8220;Dokumentationsworkshop&#8220; _builder_version=&#8220;3.0.106&#8243; header_font_size=&#8220;18px&#8220;]Der Workshop besteht aus 3 Teilen:<\/p>\n<p style=\"padding-left: 30px;\">Ich gebe in einem ersten Schritt die aktuelle und umfassende Informationen, welche Kriterien bei der Kodierung von Diagnosen und Prozeduren sowie der Begr\u00fcndung eines station\u00e4ren Aufenthaltes eine Rolle spielen.<\/p>\n<p style=\"padding-left: 30px;\">Die Teilnehmer erarbeiten in Kleingruppen, wie sie in Ihren Berichten, Formularen oder KIS-Systemen diese Kriterien erf\u00fcllen.<\/p>\n<p style=\"padding-left: 30px;\">Die Gro\u00dfgruppe diskutiert die neuen Dokumentationsvorschl\u00e4ge und beschlie\u00dft Sie als Standard.<\/p>\n<p>Der Dauer eines Workshops h\u00e4ngt von der Anzahl der Diagnosen, Prozeduren und sonstigen Sachverhalten ab. Auch spielt die Gruppengr\u00f6\u00dfe eine Rolle.<br \/>\n[\/et_pb_blurb][et_pb_blurb title=&#8220;Kompetenztraining der Kodierfachkr\u00e4fte&#8220; _builder_version=&#8220;3.23.3&#8243; header_font=&#8220;||||||||&#8220; header_font_size=&#8220;18px&#8220;]<\/p>\n<p>&nbsp;<\/p>\n<p>Ziel ist es die Kodierfachkr\u00e4fte in Ihrer Rolle zu st\u00e4rken und sie in einem nachdr\u00fccklichen Auftreten innerhalb der Klinik zu unterst\u00fctzen. Sodass ein optimaler Austausch zwischen den Leistungserbringern und dem Medizincontrolling die Erl\u00f6se steigert und sichert.<\/p>\n<p>[\/et_pb_blurb][et_pb_blurb title=&#8220;Wie wir Sie unterst\u00fctzen:&#8220; _builder_version=&#8220;3.0.106&#8243; header_level=&#8220;h3&#8243; header_font_size=&#8220;18px&#8220;]schaadt hochzwei consulting bietet Ihnen Beratung, Training und Unterst\u00fctzung in allen Fragen des Medizincontrollings und einen neuen Umgang mit Ihren Daten.<br \/>\n[\/et_pb_blurb][\/et_pb_column][\/et_pb_row][\/et_pb_section]<\/p>\n","protected":false},"excerpt":{"rendered":"<p>&nbsp; Zugeschnitten auf die Fragestellungen in Ihrer Klinik erarbeiten wir gemeinsam mit Ihrem Medizincontrolling, den \u00c4rzten und Pflegenden, M\u00f6glichkeiten einer schlanken Dokumentation, die allen gesetzlichen Anforderungen gen\u00fcgt, Ihre Erl\u00f6se steigert und vor dem MDK sichert. Auf Basis der Analyse des \u00a721er-Datensatzes ermitteln wir mit der Gesch\u00e4ftsf\u00fchrung, dem Medizincontrolling und Repr\u00e4sentanten aller Abteilungen die St\u00e4rken und [&hellip;]<\/p>\n","protected":false},"author":1,"featured_media":0,"parent":0,"menu_order":0,"comment_status":"closed","ping_status":"closed","template":"","meta":{"_et_pb_use_builder":"on","_et_pb_old_content":"","_et_gb_content_width":"","footnotes":""},"class_list":["post-332","page","type-page","status-publish","hentry"],"_links":{"self":[{"href":"https:\/\/redemz.schaadt-online.de\/wp_sh2\/index.php?rest_route=\/wp\/v2\/pages\/332","targetHints":{"allow":["GET"]}}],"collection":[{"href":"https:\/\/redemz.schaadt-online.de\/wp_sh2\/index.php?rest_route=\/wp\/v2\/pages"}],"about":[{"href":"https:\/\/redemz.schaadt-online.de\/wp_sh2\/index.php?rest_route=\/wp\/v2\/types\/page"}],"author":[{"embeddable":true,"href":"https:\/\/redemz.schaadt-online.de\/wp_sh2\/index.php?rest_route=\/wp\/v2\/users\/1"}],"replies":[{"embeddable":true,"href":"https:\/\/redemz.schaadt-online.de\/wp_sh2\/index.php?rest_route=%2Fwp%2Fv2%2Fcomments&post=332"}],"version-history":[{"count":14,"href":"https:\/\/redemz.schaadt-online.de\/wp_sh2\/index.php?rest_route=\/wp\/v2\/pages\/332\/revisions"}],"predecessor-version":[{"id":409,"href":"https:\/\/redemz.schaadt-online.de\/wp_sh2\/index.php?rest_route=\/wp\/v2\/pages\/332\/revisions\/409"}],"wp:attachment":[{"href":"https:\/\/redemz.schaadt-online.de\/wp_sh2\/index.php?rest_route=%2Fwp%2Fv2%2Fmedia&parent=332"}],"curies":[{"name":"wp","href":"https:\/\/api.w.org\/{rel}","templated":true}]}}