{"id":303,"date":"2018-03-14T19:06:17","date_gmt":"2018-03-14T19:06:17","guid":{"rendered":"http:\/\/schaadt-hochzwei.de\/?page_id=303"},"modified":"2018-06-05T12:59:24","modified_gmt":"2018-06-05T12:59:24","slug":"qualitaetssicherung","status":"publish","type":"page","link":"https:\/\/redemz.schaadt-online.de\/wp_sh2\/?page_id=303","title":{"rendered":"Funktionale Sicherheit"},"content":{"rendered":"<p>[et_pb_section bb_built=&#8220;1&#8243; background_color=&#8220;#dbdbdb&#8220; _builder_version=&#8220;3.5.1&#8243; border_style_all=&#8220;dashed&#8220; custom_padding=&#8220;0|0px|32px|0px&#8220;][et_pb_row _builder_version=&#8220;3.0.106&#8243;][et_pb_column type=&#8220;4_4&#8243;][et_pb_blurb title=&#8220;Funktionale Sicherheit&#8220; _builder_version=&#8220;3.5.1&#8243; \/][\/et_pb_column][\/et_pb_row][et_pb_row _builder_version=&#8220;3.0.106&#8243; module_alignment=&#8220;center&#8220;][et_pb_column type=&#8220;1_4&#8243;][et_pb_sidebar area=&#8220;sidebar-1&#8243; _builder_version=&#8220;3.5.1&#8243; header_font=&#8220;||||||||&#8220;]<br \/>\n[\/et_pb_sidebar][\/et_pb_column][et_pb_column type=&#8220;3_4&#8243;][et_pb_blurb _builder_version=&#8220;3.5.1&#8243; header_font_size=&#8220;35&#8243;]<\/p>\n<p>Die funktionale Sicherheit von embedded Systemen ist eng mit einem wirkungsvollen und hochwertigem Qualit\u00e4tsmanagement verbunden. Alle Normen zur Zulassung von sicherheitskritischen Systemen gehen davon aus, dass ohne ein Qualit\u00e4tsmanagementsystem keine funktionale Sicherheit zu gew\u00e4hrleisten ist.<br \/>\nDas Qualit\u00e4tsmanagement muss dabei den gesamten Sicherheitslebenszyklus des Produktes abdecken, speziell sind hier die Bereiche Design und Entwicklung sowie Produktion zu nennen. Vereinfacht ausgedr\u00fcckt: die Design- bzw. Entwicklungsqualit\u00e4t stellt sicher, dass systemtische Fehler entdeckt werden, w\u00e4hrend die Produktionsqualit\u00e4t die Rate an zuf\u00e4lligen Fehlern im Betrieb des Produkts minimieren soll.<br \/>\nEin wesentliches Instrument zur Sicherstellung der Design- und Entwicklungsqualit\u00e4t ist die Nachverfolgbarkeit der Anforderungen zu Architektur- und Design-Elementen wie auch zu Testcases, um sicherzustellen, dass alle Anforderungen implementiert und getestet wurden. Umgekehrt lassen sich so auch Implementierungsdetails aufdecken, f\u00fcr die keine Anforderungen existieren.<br \/>\nDas Konfigurationsmanagement ist ebenfalls ein Bestandteil der Qualit\u00e4tsicherung im Sicherheitslebenszyklus. Ein wirksames Konfigurationsmanagement stellt sicher, dass alle Dokumente versioniert sind und zu allen wichtigen Meilensteinen Baselines existieren, um die Nachvollziehbarkeit jederzeit zu gew\u00e4hrleisten.<\/p>\n<p>[\/et_pb_blurb][et_pb_blurb title=&#8220;Wie wir Sie unterst\u00fctzen:&#8220; _builder_version=&#8220;3.5.1&#8243; header_level=&#8220;h3&#8243; header_font=&#8220;||||||||&#8220; header_font_size=&#8220;18px&#8220;]<\/p>\n<p>Sicherstellung, dass die f\u00fcr den Sicherheitslebenszyklus geforderten Prozesse und Organisationsteile existieren. Durchf\u00fchrung von Assessments und Gap-Analyse und Erarbeitung von Handlungsempfehlungen.<br \/>\nUnterst\u00fctzung bei der Modellierung und Dokumentation erforderlicher Qualit\u00e4tsprozesse.<br \/>\nUnterst\u00fctzung bei der Einf\u00fchrung von Prozessen und Tools zur Sicherstellung von Nachverfolgbarkeit.<br \/>\nUnterst\u00fctzung bei der Einf\u00fchrung von Prozessen und Tools zum Konfigurationsmanagement.<\/p>\n<p>[\/et_pb_blurb][\/et_pb_column][\/et_pb_row][\/et_pb_section]<\/p>\n","protected":false},"excerpt":{"rendered":"<p>Die funktionale Sicherheit von embedded Systemen ist eng mit einem wirkungsvollen und hochwertigem Qualit\u00e4tsmanagement verbunden. Alle Normen zur Zulassung von sicherheitskritischen Systemen gehen davon aus, dass ohne ein Qualit\u00e4tsmanagementsystem keine funktionale Sicherheit zu gew\u00e4hrleisten ist. Das Qualit\u00e4tsmanagement muss dabei den gesamten Sicherheitslebenszyklus des Produktes abdecken, speziell sind hier die Bereiche Design und Entwicklung sowie Produktion [&hellip;]<\/p>\n","protected":false},"author":1,"featured_media":0,"parent":192,"menu_order":0,"comment_status":"closed","ping_status":"closed","template":"","meta":{"_et_pb_use_builder":"on","_et_pb_old_content":"","_et_gb_content_width":"","footnotes":""},"class_list":["post-303","page","type-page","status-publish","hentry"],"_links":{"self":[{"href":"https:\/\/redemz.schaadt-online.de\/wp_sh2\/index.php?rest_route=\/wp\/v2\/pages\/303","targetHints":{"allow":["GET"]}}],"collection":[{"href":"https:\/\/redemz.schaadt-online.de\/wp_sh2\/index.php?rest_route=\/wp\/v2\/pages"}],"about":[{"href":"https:\/\/redemz.schaadt-online.de\/wp_sh2\/index.php?rest_route=\/wp\/v2\/types\/page"}],"author":[{"embeddable":true,"href":"https:\/\/redemz.schaadt-online.de\/wp_sh2\/index.php?rest_route=\/wp\/v2\/users\/1"}],"replies":[{"embeddable":true,"href":"https:\/\/redemz.schaadt-online.de\/wp_sh2\/index.php?rest_route=%2Fwp%2Fv2%2Fcomments&post=303"}],"version-history":[{"count":5,"href":"https:\/\/redemz.schaadt-online.de\/wp_sh2\/index.php?rest_route=\/wp\/v2\/pages\/303\/revisions"}],"predecessor-version":[{"id":398,"href":"https:\/\/redemz.schaadt-online.de\/wp_sh2\/index.php?rest_route=\/wp\/v2\/pages\/303\/revisions\/398"}],"up":[{"embeddable":true,"href":"https:\/\/redemz.schaadt-online.de\/wp_sh2\/index.php?rest_route=\/wp\/v2\/pages\/192"}],"wp:attachment":[{"href":"https:\/\/redemz.schaadt-online.de\/wp_sh2\/index.php?rest_route=%2Fwp%2Fv2%2Fmedia&parent=303"}],"curies":[{"name":"wp","href":"https:\/\/api.w.org\/{rel}","templated":true}]}}