{"id":260,"date":"2018-03-13T22:01:26","date_gmt":"2018-03-13T22:01:26","guid":{"rendered":"http:\/\/schaadt-hochzwei.de\/?page_id=260"},"modified":"2026-02-04T19:59:28","modified_gmt":"2026-02-04T19:59:28","slug":"team-ds","status":"publish","type":"page","link":"https:\/\/redemz.schaadt-online.de\/wp_sh2\/?page_id=260","title":{"rendered":"Team-DS"},"content":{"rendered":"<p>[et_pb_section fb_built=&#8220;1&#8243; _builder_version=&#8220;4.16&#8243; background_color=&#8220;#dbdbdb&#8220; custom_padding=&#8220;50px|0px|148.09375px|0px&#8220; global_colors_info=&#8220;{}&#8220;][et_pb_row _builder_version=&#8220;4.16&#8243; background_size=&#8220;initial&#8220; background_position=&#8220;top_left&#8220; background_repeat=&#8220;repeat&#8220; module_alignment=&#8220;center&#8220; global_colors_info=&#8220;{}&#8220; column_structure=&#8220;1_3,2_3&#8243;][et_pb_column type=&#8220;1_3&#8243; _builder_version=&#8220;4.16&#8243; custom_padding=&#8220;|||&#8220; global_colors_info=&#8220;{}&#8220; custom_padding__hover=&#8220;|||&#8220;][et_pb_image src=&#8220;https:\/\/schaadt-hochzwei.de\/wp-content\/uploads\/2018\/03\/AndreaSchombaraFotografie-58web.jpg&#8220; align_tablet=&#8220;center&#8220; align_last_edited=&#8220;on|desktop&#8220; _builder_version=&#8220;4.16&#8243; global_colors_info=&#8220;{}&#8220; align_phone=&#8220;center&#8220;][\/et_pb_image][\/et_pb_column][et_pb_column type=&#8220;2_3&#8243; _builder_version=&#8220;4.16&#8243; custom_padding=&#8220;|||&#8220; global_colors_info=&#8220;{}&#8220; custom_padding__hover=&#8220;|||&#8220;][et_pb_counters _builder_version=&#8220;4.16&#8243; global_colors_info=&#8220;{}&#8220;][\/et_pb_counters][et_pb_accordion icon_color=&#8220;#4f4f4f&#8220; _builder_version=&#8220;4.27.5&#8243; toggle_font=&#8220;||||||||&#8220; body_font=&#8220;||||||||&#8220; body_line_height=&#8220;1.5em&#8220; background_color=&#8220;rgba(251,251,251,0)&#8220; hover_enabled=&#8220;0&#8243; global_colors_info=&#8220;{}&#8220; sticky_enabled=&#8220;0&#8243;][et_pb_accordion_item title=&#8220;Kompetenz in Funktionaler Sicherheit&#8220; open=&#8220;on&#8220; open_toggle_background_color=&#8220;rgba(251,251,251,0)&#8220; closed_toggle_background_color=&#8220;rgba(249,249,249,0)&#8220; _builder_version=&#8220;4.27.5&#8243; background_color=&#8220;#fbfbfb&#8220; hover_enabled=&#8220;0&#8243; global_colors_info=&#8220;{}&#8220; sticky_enabled=&#8220;0&#8243;]<\/p>\n<p>15 Jahre Erfahrung im Bereich der funktionalen Sicherheit von Embedded Systemen der Bahn- und Luftfahrtindustrie.<br \/>Redesign und Zulassung des Betriebssystems LynxOS nach DO-178, DAL A f\u00fcr die Produktlinie eines Nordamerikanischen Tier-1 Herstellers f\u00fcr Avioniksysteme<br \/>Entwicklung und Zulassung eines AFDX Software Stacks nach DO-178, DAL C f\u00fcr die EMU der Boeing 787<br \/>Entwicklung und Zulassung der Loadmaster-Workstation f\u00fcr den Airbus A400M<br \/>Entwicklung und Zulassung des Authority Management Servers f\u00fcr das Australische Advanced Train Management Systems (ATMS)<br \/>Entwicklung und Zulassung des Wayside-ATP Systems f\u00fcr einen Koreanischen Tier-1 Hersteller von Zugsicherungssystemen<br \/>Zulassung einer funktional sicheren CPU Karte nach EN50126\/EN50128\/EN50129, SIL4<br \/>Erstellung von normkonformer Safety-Dokumentation f\u00fcr Luftfahrt und Bahntechnik<br \/>Safety Case, PHAC, PSAC<br \/>Safety Plan, Development Plan, Verification und Validation Plan, Review Plan, Tool Qualification Plan<br \/>Safety Analysen, FMEA<br \/>Safety-Analysen<br \/>Durchf\u00fchrung von Reviews<\/p>\n<p>[\/et_pb_accordion_item][et_pb_accordion_item title=&#8220;Requirement Engineering Kompetenz &#8220; open_toggle_background_color=&#8220;rgba(251,251,251,0)&#8220; closed_toggle_background_color=&#8220;rgba(249,249,249,0)&#8220; _builder_version=&#8220;4.16&#8243; background_color=&#8220;#fbfbfb&#8220; global_colors_info=&#8220;{}&#8220; open=&#8220;off&#8220;]15 Jahre Erfahrung im Bereich Requirement Engineering.<br \/>\nAnforderungsanalyse<br \/>\nErstellung formaler Spezifikationen auf System- und Modulebene (HW, SW, FPGA)<br \/>\nAnforderungsmanagement, Baselining<br \/>\nChange Management und Impact-Analyse<br \/>\nSicherstellung der Traceability von Anforderungen zu Architektur- , Design-, und Testartefakten<br \/>\nValidierung von Anforderungen auf Modul- und Systemebene[\/et_pb_accordion_item][et_pb_accordion_item title=&#8220;Qualit\u00e4tssicherungs Kompetenz&#8220; open_toggle_background_color=&#8220;rgba(251,251,251,0)&#8220; closed_toggle_background_color=&#8220;rgba(249,249,249,0)&#8220; _builder_version=&#8220;4.16&#8243; background_color=&#8220;#fbfbfb&#8220; global_colors_info=&#8220;{}&#8220; open=&#8220;off&#8220;]15 Jahre Erfahrung im Bereich Qualit\u00e4tssicherung und Prozessmanagement<br \/>\nEinf\u00fchrung eines formalen QS-Systems f\u00fcr eine Softwareentwicklungsabteilung f\u00fcr die Erstellung von Software nach DO-178B<br \/>\nErfolgreiche ISO\/IEC15504 (SPICE) Level 3 Zertifizierung<br \/>\nGap-Analyse von bestehenden Entwicklungs- und Fertigungsprozessen zur Ermittlung von Handlungsbedarf zur Normerf\u00fcllung<br \/>\nModellierung von Entwicklungsprozessen nach V-Modell[\/et_pb_accordion_item][et_pb_accordion_item title=&#8220;Produktmanagement Kompetenz &#8220; open_toggle_background_color=&#8220;rgba(251,251,251,0)&#8220; closed_toggle_background_color=&#8220;rgba(249,249,249,0)&#8220; _builder_version=&#8220;4.16&#8243; background_color=&#8220;#fbfbfb&#8220; global_colors_info=&#8220;{}&#8220; open=&#8220;off&#8220;]7 Jahre Erfahrung im Bereich Produktmanagement f\u00fcr Embedded Systeme.<br \/>\nProduktkonzeptionen f\u00fcr Embedded Systeme in der Bahn- und Luftfahrttechnik<br \/>\nKundenspezifische Netzwerkbaugruppen f\u00fcr Bahn Applikationen<br \/>\nFamilie von Ethernet-Switches f\u00fcr Bahn- und Automotive Applikationen<br \/>\nKundenspezifischer Displayrechner f\u00fcr Flighdeck Applikationen<br \/>\nKonzeption von Systemen mit hoher Verf\u00fcgbarkeit und funktionaler Sicherheit bis SIL4 (Authority Management Servers f\u00fcr das Australische Advanced Train Management Systems (ATMS), Wayside-ATP Systems f\u00fcr einen Koreanischen Tier-1 Hersteller von Zugsicherungssystemen<br \/>\nFamilie von WLAN Access Points und LTE-Routern f\u00fcr Bahn Applikationen<br \/>\nBox PC f\u00fcr Bahn- und Automotive Applikationen<br \/>\nKostenberechnungen<br \/>\nLifecycle Planung und Management<br \/>\nErstellung von Produkt- und Marketinginformationen[\/et_pb_accordion_item][et_pb_accordion_item title=&#8220; Projektmanagement Kompetenz&#8220; open_toggle_background_color=&#8220;rgba(251,251,251,0)&#8220; closed_toggle_background_color=&#8220;rgba(249,249,249,0)&#8220; _builder_version=&#8220;4.16&#8243; background_color=&#8220;#fbfbfb&#8220; global_colors_info=&#8220;{}&#8220; open=&#8220;off&#8220;]20 Jahre Erfahrung im Management von Software und Hardware Entwicklungsprojekten.<br \/>\nAnforderungsanalyse<br \/>\nManagement von Zertifizierungsprojekten im Avionik- und Bahnumfeld<br \/>\nRedesign und Zulassung des Betriebssystems LynxOS nach DO-178, DAL A f\u00fcr die Produktlinie eines Nordamerikanischen Tier-1 Herstellers f\u00fcr Avioniksysteme. Multinationales Projekt mit Projektteams in Nordamerika, Frankreich und Deutschland Management des deutschen Teams, Laufzeit drei Jahre, Umfang 20 Mannjahre<br \/>\nEntwicklung und Zulassung eines AFDX Software Stacks nach DO-178, DAL C f\u00fcr die EMU der Boeing 787 Laufzeit 18 Monate<br \/>\nZertifizierter Projektmanagement Fachmann (GPM) IPMA Level D, PM-Zert[\/et_pb_accordion_item][\/et_pb_accordion][\/et_pb_column][\/et_pb_row][\/et_pb_section]<\/p>\n","protected":false},"excerpt":{"rendered":"<p>15 Jahre Erfahrung im Bereich der funktionalen Sicherheit von Embedded Systemen der Bahn- und Luftfahrtindustrie.Redesign und Zulassung des Betriebssystems LynxOS nach DO-178, DAL A f\u00fcr die Produktlinie eines Nordamerikanischen Tier-1 Herstellers f\u00fcr AvioniksystemeEntwicklung und Zulassung eines AFDX Software Stacks nach DO-178, DAL C f\u00fcr die EMU der Boeing 787Entwicklung und Zulassung der Loadmaster-Workstation f\u00fcr den [&hellip;]<\/p>\n","protected":false},"author":1,"featured_media":0,"parent":249,"menu_order":0,"comment_status":"closed","ping_status":"closed","template":"","meta":{"_et_pb_use_builder":"on","_et_pb_old_content":"","_et_gb_content_width":"","footnotes":""},"class_list":["post-260","page","type-page","status-publish","hentry"],"_links":{"self":[{"href":"https:\/\/redemz.schaadt-online.de\/wp_sh2\/index.php?rest_route=\/wp\/v2\/pages\/260","targetHints":{"allow":["GET"]}}],"collection":[{"href":"https:\/\/redemz.schaadt-online.de\/wp_sh2\/index.php?rest_route=\/wp\/v2\/pages"}],"about":[{"href":"https:\/\/redemz.schaadt-online.de\/wp_sh2\/index.php?rest_route=\/wp\/v2\/types\/page"}],"author":[{"embeddable":true,"href":"https:\/\/redemz.schaadt-online.de\/wp_sh2\/index.php?rest_route=\/wp\/v2\/users\/1"}],"replies":[{"embeddable":true,"href":"https:\/\/redemz.schaadt-online.de\/wp_sh2\/index.php?rest_route=%2Fwp%2Fv2%2Fcomments&post=260"}],"version-history":[{"count":6,"href":"https:\/\/redemz.schaadt-online.de\/wp_sh2\/index.php?rest_route=\/wp\/v2\/pages\/260\/revisions"}],"predecessor-version":[{"id":427,"href":"https:\/\/redemz.schaadt-online.de\/wp_sh2\/index.php?rest_route=\/wp\/v2\/pages\/260\/revisions\/427"}],"up":[{"embeddable":true,"href":"https:\/\/redemz.schaadt-online.de\/wp_sh2\/index.php?rest_route=\/wp\/v2\/pages\/249"}],"wp:attachment":[{"href":"https:\/\/redemz.schaadt-online.de\/wp_sh2\/index.php?rest_route=%2Fwp%2Fv2%2Fmedia&parent=260"}],"curies":[{"name":"wp","href":"https:\/\/api.w.org\/{rel}","templated":true}]}}