{"id":255,"date":"2018-03-13T21:54:41","date_gmt":"2018-03-13T21:54:41","guid":{"rendered":"http:\/\/schaadt-hochzwei.de\/?page_id=255"},"modified":"2018-05-04T08:05:00","modified_gmt":"2018-05-04T08:05:00","slug":"team-rs","status":"publish","type":"page","link":"https:\/\/redemz.schaadt-online.de\/wp_sh2\/?page_id=255","title":{"rendered":"Team-RS"},"content":{"rendered":"<p>[et_pb_section bb_built=&#8220;1&#8243; background_color=&#8220;#dbdbdb&#8220; _builder_version=&#8220;3.0.106&#8243; custom_padding=&#8220;50px|0px|148.09375px|0px&#8220;][et_pb_row _builder_version=&#8220;3.0.106&#8243; background_size=&#8220;initial&#8220; background_position=&#8220;top_left&#8220; background_repeat=&#8220;repeat&#8220; module_alignment=&#8220;center&#8220;][et_pb_column type=&#8220;1_3&#8243;][et_pb_image src=&#8220;https:\/\/schaadt-hochzwei.de\/wp-content\/uploads\/2018\/03\/AndreaSchombaraFotografie-63web.jpg&#8220; _builder_version=&#8220;3.0.106&#8243; \/][\/et_pb_column][et_pb_column type=&#8220;2_3&#8243;][et_pb_blurb _builder_version=&#8220;3.0.106&#8243; url_new_window=&#8220;off&#8220; use_icon=&#8220;off&#8220; use_circle=&#8220;off&#8220; use_circle_border=&#8220;off&#8220; icon_placement=&#8220;top&#8220; use_icon_font_size=&#8220;off&#8220; background_layout=&#8220;light&#8220;]<\/p>\n<p>&nbsp;<\/p>\n<p>Seit 30 Jahren arbeite ich im Gesundheitswesen und unterst\u00fctze seit 10 Jahren als externe Beraterin Krankenh\u00e4user im Medizinischen Management und Medizincontrolling.\u00a0Ein Blick auf meinen Lebenslauf zeigt mein Herzblut und meinen gro\u00dfen Gestaltungswunsch zum Wohle aller Beteiligten im Gesundheitswesen.<\/p>\n<p><strong>Mein beruflicher Werdegang<\/strong><\/p>\n<p class=\"Text\">1986: Nach der Ausbildung zur Krankenschwester im Kreiskrankenhaus Marienh\u00f6he, W\u00fcrselen arbeitete ich in der Operationsabteilung der Herzchirurgie in den Medizinischen Einrichtungen der Rheinisch-Westf\u00e4lischen Technischen Hochschule (RWTH) Aachen.<\/p>\n<p class=\"Text\">1992: Nach einer kurzen Familienzeit sammelte ich in der DSK Residenz Frankenh\u00f6he in Mainz Erfahrungen in der Altenpflege.<\/p>\n<p class=\"Text\">1993: Es folgte ein Ausflug in die ambulante Pflege: Ich arbeitete bis zur\u00a0Einschulung meiner Kinder als \u00a0&#8222;Einsatzleiterin Mobiler Sozialer Dienst&#8220; beim Commit-Club, Mainz.<\/p>\n<p class=\"Text\">1994: Mich zog es zur\u00fcck in die\u00a0Klinik und ich arbeitete im St. Vincenz- und Elisabeth Hospital, Mainz als\u00a0Krankenschwester und dann als Praxisanleiterin in der Krankenpflegeschule.<\/p>\n<p>1998- 2002: \u00a0Ich erf\u00fcllte mir einen Herzenswunsch und studierte an der Katholischen Fachhochschule Pflegemanagement.<\/p>\n<p class=\"Text\">2002 &#8211; 2008: Ich verlie\u00df die Krankenpflege und arbeite in der Abteilung Medizinisches Management &amp; Organisationsentwicklung. Zu meinen Aufgaben geh\u00f6rte Prim\u00e4rkodierung und w\u00f6chentlicher Austausch zur Dokumentation und Kodierung verschiedener Abteilungen, Betreuung und Auswertung der Externen Qualit\u00e4tssicherung, sowie die Teamleitung des MDK-Teams.<\/p>\n<p class=\"Text\">2008-2010: Es zog mich nach Franken und ich \u00fcbernahm die Leitung des\u00a0Medizincontrollings &amp; Qualit\u00e4tsmanagements in der \u00a0 \u00a0 \u00a0 \u00a0 \u00a0 \u00a0 \u00a0 \u00a0 \u00a0 \u00a0 \u00a0 \u00a0 \u00a0 EuromedClinic GmbH, F\u00fcrth. In dieser Zeit brachte ich die Klinik mit 16 angegliederten Praxen zur Erstzertifizierung nach DIN ISO, ich f\u00fchrte ein neues Krankenhausinformationssystem ein und begleitete die Prozesse der Privatklinik bei der\u00a0Implementierung einer Hauptabteilung mit 50 Planbetten.<\/p>\n<p class=\"Text\">2010: \u00a0Mit dem umfangreichen Wissen und zahlreichen Erfahrungen berate ich \u00a0Kliniken im Medizincontrolling und Qualit\u00e4tsmanagements &#8211; zeitweise im Auftrag von Beratungsunternehmen, wie der RedcomGroup, Dr. Kieselbach Consulting und der WMC Healthcare GmbH.<\/p>\n<p>Seit 2018 k\u00f6nnen Sie mich direkt ansprechen und Beratungsleistungen mit mir vereinbaren.<\/p>\n<p>&nbsp;<\/p>\n<p>[\/et_pb_blurb][\/et_pb_column][\/et_pb_row][\/et_pb_section]<\/p>\n","protected":false},"excerpt":{"rendered":"<p>&nbsp; Seit 30 Jahren arbeite ich im Gesundheitswesen und unterst\u00fctze seit 10 Jahren als externe Beraterin Krankenh\u00e4user im Medizinischen Management und Medizincontrolling.\u00a0Ein Blick auf meinen Lebenslauf zeigt mein Herzblut und meinen gro\u00dfen Gestaltungswunsch zum Wohle aller Beteiligten im Gesundheitswesen. Mein beruflicher Werdegang 1986: Nach der Ausbildung zur Krankenschwester im Kreiskrankenhaus Marienh\u00f6he, W\u00fcrselen arbeitete ich in [&hellip;]<\/p>\n","protected":false},"author":1,"featured_media":0,"parent":249,"menu_order":0,"comment_status":"closed","ping_status":"closed","template":"","meta":{"_et_pb_use_builder":"on","_et_pb_old_content":"","_et_gb_content_width":"","footnotes":""},"class_list":["post-255","page","type-page","status-publish","hentry"],"_links":{"self":[{"href":"https:\/\/redemz.schaadt-online.de\/wp_sh2\/index.php?rest_route=\/wp\/v2\/pages\/255","targetHints":{"allow":["GET"]}}],"collection":[{"href":"https:\/\/redemz.schaadt-online.de\/wp_sh2\/index.php?rest_route=\/wp\/v2\/pages"}],"about":[{"href":"https:\/\/redemz.schaadt-online.de\/wp_sh2\/index.php?rest_route=\/wp\/v2\/types\/page"}],"author":[{"embeddable":true,"href":"https:\/\/redemz.schaadt-online.de\/wp_sh2\/index.php?rest_route=\/wp\/v2\/users\/1"}],"replies":[{"embeddable":true,"href":"https:\/\/redemz.schaadt-online.de\/wp_sh2\/index.php?rest_route=%2Fwp%2Fv2%2Fcomments&post=255"}],"version-history":[{"count":8,"href":"https:\/\/redemz.schaadt-online.de\/wp_sh2\/index.php?rest_route=\/wp\/v2\/pages\/255\/revisions"}],"predecessor-version":[{"id":397,"href":"https:\/\/redemz.schaadt-online.de\/wp_sh2\/index.php?rest_route=\/wp\/v2\/pages\/255\/revisions\/397"}],"up":[{"embeddable":true,"href":"https:\/\/redemz.schaadt-online.de\/wp_sh2\/index.php?rest_route=\/wp\/v2\/pages\/249"}],"wp:attachment":[{"href":"https:\/\/redemz.schaadt-online.de\/wp_sh2\/index.php?rest_route=%2Fwp%2Fv2%2Fmedia&parent=255"}],"curies":[{"name":"wp","href":"https:\/\/api.w.org\/{rel}","templated":true}]}}