{"id":2,"date":"2016-05-10T03:48:21","date_gmt":"2016-05-10T03:48:21","guid":{"rendered":"http:\/\/schaadt-hochzwei.de\/?page_id=2"},"modified":"2025-04-15T16:37:03","modified_gmt":"2025-04-15T16:37:03","slug":"sample-page","status":"publish","type":"page","link":"https:\/\/redemz.schaadt-online.de\/wp_sh2\/","title":{"rendered":"Home"},"content":{"rendered":"<p>[et_pb_section fb_built=&#8220;1&#8243; fullwidth=&#8220;on&#8220; _builder_version=&#8220;4.16&#8243; global_colors_info=&#8220;{}&#8220;][et_pb_fullwidth_image src=&#8220;https:\/\/schaadt-hochzwei.de\/wp-content\/uploads\/2018\/03\/AndreaSchombaraFotografie-21asweb-e1520961737916.jpg&#8220; _builder_version=&#8220;4.16&#8243; global_colors_info=&#8220;{}&#8220;][\/et_pb_fullwidth_image][\/et_pb_section][et_pb_section fb_built=&#8220;1&#8243; _builder_version=&#8220;4.16&#8243; background_color=&#8220;#dbdbdb&#8220; custom_padding=&#8220;0|0px|54px|0px&#8220; border_style_all=&#8220;dashed&#8220; global_colors_info=&#8220;{}&#8220;][et_pb_row column_structure=&#8220;3_4,1_4&#8243; _builder_version=&#8220;4.16&#8243; custom_padding=&#8220;33px|0px|29px|0px&#8220; global_colors_info=&#8220;{}&#8220;][et_pb_column type=&#8220;3_4&#8243; _builder_version=&#8220;4.16&#8243; custom_padding=&#8220;|||&#8220; global_colors_info=&#8220;{}&#8220; custom_padding__hover=&#8220;|||&#8220;][et_pb_blurb _builder_version=&#8220;4.16&#8243; global_colors_info=&#8220;{}&#8220;]Wir beraten branchen\u00fcbergreifend Unternehmen bei organisatorischer Neuordnung, sowie dem Management von Produkten, Prozessen und Qualit\u00e4t.<\/p>\n<p>Auf Basis bestehender St\u00e4rken gestalten wir gemeinsam mit Ihnen nachhaltige L\u00f6sungen, die daf\u00fcr sorgen, dass Ihre Projekte gelingen und das Ver\u00e4nderungen in Ihren Strukturen, der F\u00fchrung und den Teams, langfristig erfolgreich sind.<\/p>\n<p>Durch konsequente Ausrichtung auf die M\u00e4rkte, die Kunden und gesetzliche Anforderungen schaffen wir mit Ihnen ganzheitliche L\u00f6sungen, die Mitarbeiter und Technik optimal integrieren und an die Branche angepasste Prozesse und Strukturen erm\u00f6glichen.<br \/>\n[\/et_pb_blurb][\/et_pb_column][et_pb_column type=&#8220;1_4&#8243; _builder_version=&#8220;4.16&#8243; custom_padding=&#8220;|||&#8220; global_colors_info=&#8220;{}&#8220; custom_padding__hover=&#8220;|||&#8220;][et_pb_blurb title=&#8220;Kontakt&#8220; _builder_version=&#8220;4.16&#8243; header_font=&#8220;||||||||&#8220; header_font_size=&#8220;30px&#8220; header_line_height=&#8220;0.3em&#8220; border_width_bottom=&#8220;2px&#8220; border_color_bottom=&#8220;#777777&#8243; border_width_bottom_image=&#8220;4px&#8220; border_color_bottom_image=&#8220;#777777&#8243; global_colors_info=&#8220;{}&#8220;][\/et_pb_blurb][et_pb_blurb _builder_version=&#8220;4.16&#8243; body_font=&#8220;||||||||&#8220; body_line_height=&#8220;1.2em&#8220; global_colors_info=&#8220;{}&#8220;]<\/p>\n<p>schaadt hochzwei consulting gmbh<\/p>\n<p>Westring 215<\/p>\n<p>55120 Mainz<\/p>\n<p>[\/et_pb_blurb][et_pb_blurb _builder_version=&#8220;4.16&#8243; body_font=&#8220;||||||||&#8220; body_line_height=&#8220;1.2em&#8220; global_colors_info=&#8220;{}&#8220;]tel.: +49 (0) 6131 2752 508<\/p>\n<p>mail:\u00a0<a href=\"mailto:info@schaadt-hochzwei.de\">info@schaadt-hochzwei.de<\/a><\/p>\n<p><a href=\"?page_id=118\">Kontaktformular<\/a><br \/>\n[\/et_pb_blurb][\/et_pb_column][\/et_pb_row][\/et_pb_section]<\/p>\n","protected":false},"excerpt":{"rendered":"<p>Wir beraten branchen\u00fcbergreifend Unternehmen bei organisatorischer Neuordnung, sowie dem Management von Produkten, Prozessen und Qualit\u00e4t. Auf Basis bestehender St\u00e4rken gestalten wir gemeinsam mit Ihnen nachhaltige L\u00f6sungen, die daf\u00fcr sorgen, dass Ihre Projekte gelingen und das Ver\u00e4nderungen in Ihren Strukturen, der F\u00fchrung und den Teams, langfristig erfolgreich sind. Durch konsequente Ausrichtung auf die M\u00e4rkte, die Kunden [&hellip;]<\/p>\n","protected":false},"author":1,"featured_media":0,"parent":0,"menu_order":0,"comment_status":"closed","ping_status":"open","template":"","meta":{"_et_pb_use_builder":"on","_et_pb_old_content":"","_et_gb_content_width":"","footnotes":""},"class_list":["post-2","page","type-page","status-publish","hentry"],"_links":{"self":[{"href":"https:\/\/redemz.schaadt-online.de\/wp_sh2\/index.php?rest_route=\/wp\/v2\/pages\/2","targetHints":{"allow":["GET"]}}],"collection":[{"href":"https:\/\/redemz.schaadt-online.de\/wp_sh2\/index.php?rest_route=\/wp\/v2\/pages"}],"about":[{"href":"https:\/\/redemz.schaadt-online.de\/wp_sh2\/index.php?rest_route=\/wp\/v2\/types\/page"}],"author":[{"embeddable":true,"href":"https:\/\/redemz.schaadt-online.de\/wp_sh2\/index.php?rest_route=\/wp\/v2\/users\/1"}],"replies":[{"embeddable":true,"href":"https:\/\/redemz.schaadt-online.de\/wp_sh2\/index.php?rest_route=%2Fwp%2Fv2%2Fcomments&post=2"}],"version-history":[{"count":21,"href":"https:\/\/redemz.schaadt-online.de\/wp_sh2\/index.php?rest_route=\/wp\/v2\/pages\/2\/revisions"}],"predecessor-version":[{"id":422,"href":"https:\/\/redemz.schaadt-online.de\/wp_sh2\/index.php?rest_route=\/wp\/v2\/pages\/2\/revisions\/422"}],"wp:attachment":[{"href":"https:\/\/redemz.schaadt-online.de\/wp_sh2\/index.php?rest_route=%2Fwp%2Fv2%2Fmedia&parent=2"}],"curies":[{"name":"wp","href":"https:\/\/api.w.org\/{rel}","templated":true}]}}