{"id":142,"date":"2018-02-16T16:10:59","date_gmt":"2018-02-16T16:10:59","guid":{"rendered":"http:\/\/schaadt-hochzwei.de\/?page_id=142"},"modified":"2022-04-03T14:01:39","modified_gmt":"2022-04-03T14:01:39","slug":"impressum","status":"publish","type":"page","link":"https:\/\/redemz.schaadt-online.de\/wp_sh2\/?page_id=142","title":{"rendered":"Impressum"},"content":{"rendered":"<p>[et_pb_section fb_built=&#8220;1&#8243; _builder_version=&#8220;3.22&#8243; background_color=&#8220;#dbdbdb&#8220; custom_padding=&#8220;9px|0px|54px|0px&#8220; border_style_all=&#8220;dashed&#8220;][et_pb_row _builder_version=&#8220;3.25&#8243; column_structure=&#8220;3_4,1_4&#8243;][et_pb_column type=&#8220;3_4&#8243; _builder_version=&#8220;3.25&#8243; custom_padding=&#8220;|||&#8220; custom_padding__hover=&#8220;|||&#8220;][et_pb_blurb title=&#8220;Impressum&#8220; _builder_version=&#8220;3.0.106&#8243;]schaadt-hochzwei freut sich \u00fcber Ihren Besuch auf dieser Webseite und Ihr Interesse an dem dort enthaltenen Informationsangebot. Verantwortlich nach \u00a7 6 Abs. 1 des TDG:<br \/>\n[\/et_pb_blurb][et_pb_blurb _builder_version=&#8220;3.0.106&#8243;]<\/p>\n<p>schaadt hochzwei consulting gmbh<br \/>Westring 215<br \/>55120 Mainz<\/p>\n<p>Telefon: +49 (0) 6131 2752508<br \/>E-Mail: <a href=\"mailto:info@schaadt-hochzwei.de\">info@schaadt-hochzwei.de<\/a><\/p>\n<p>[\/et_pb_blurb][et_pb_blurb title=&#8220;Vertreten durch:&#8220; _builder_version=&#8220;3.0.100&#8243; header_level=&#8220;h3&#8243; header_font=&#8220;||||||||&#8220;]Gesch\u00e4ftsf\u00fchrerin Regina Schaadt<br \/>\nGesch\u00e4ftsf\u00fchrer Detlev Schaadt<br \/>\n[\/et_pb_blurb][et_pb_blurb title=&#8220;Registereintrag:&#8220; _builder_version=&#8220;3.0.100&#8243; header_level=&#8220;h3&#8243; header_font=&#8220;||||||||&#8220;]Eingetragen im Handelsregister: HRB 47913<br \/>\nRegistergericht: Mainz<br \/>\n[\/et_pb_blurb][et_pb_blurb title=&#8220;Umsatzsteuer-ID:&#8220; _builder_version=&#8220;3.0.100&#8243; header_level=&#8220;h3&#8243; header_font=&#8220;||||||||&#8220;]<\/p>\n<p>Umsatzsteuer-Identifikationsnummer nach \u00a727a Umsatzsteuergesetz:<br \/> DE 815 742 370<\/p>\n<p>[\/et_pb_blurb][\/et_pb_column][et_pb_column type=&#8220;1_4&#8243; _builder_version=&#8220;3.25&#8243; custom_padding=&#8220;|||&#8220; custom_padding__hover=&#8220;|||&#8220;][et_pb_blurb _builder_version=&#8220;3.0.106&#8243;][\/et_pb_blurb][\/et_pb_column][\/et_pb_row][\/et_pb_section]<\/p>\n","protected":false},"excerpt":{"rendered":"<p>schaadt-hochzwei freut sich \u00fcber Ihren Besuch auf dieser Webseite und Ihr Interesse an dem dort enthaltenen Informationsangebot. Verantwortlich nach \u00a7 6 Abs. 1 des TDG: schaadt hochzwei consulting gmbhWestring 21555120 Mainz Telefon: +49 (0) 6131 2752508E-Mail: info@schaadt-hochzwei.deGesch\u00e4ftsf\u00fchrerin Regina Schaadt Gesch\u00e4ftsf\u00fchrer Detlev Schaadt Eingetragen im Handelsregister: HRB 47913 Registergericht: Mainz Umsatzsteuer-Identifikationsnummer nach \u00a727a Umsatzsteuergesetz: DE 815 [&hellip;]<\/p>\n","protected":false},"author":1,"featured_media":0,"parent":0,"menu_order":0,"comment_status":"closed","ping_status":"closed","template":"","meta":{"_et_pb_use_builder":"on","_et_pb_old_content":"","_et_gb_content_width":"","footnotes":""},"class_list":["post-142","page","type-page","status-publish","hentry"],"_links":{"self":[{"href":"https:\/\/redemz.schaadt-online.de\/wp_sh2\/index.php?rest_route=\/wp\/v2\/pages\/142","targetHints":{"allow":["GET"]}}],"collection":[{"href":"https:\/\/redemz.schaadt-online.de\/wp_sh2\/index.php?rest_route=\/wp\/v2\/pages"}],"about":[{"href":"https:\/\/redemz.schaadt-online.de\/wp_sh2\/index.php?rest_route=\/wp\/v2\/types\/page"}],"author":[{"embeddable":true,"href":"https:\/\/redemz.schaadt-online.de\/wp_sh2\/index.php?rest_route=\/wp\/v2\/users\/1"}],"replies":[{"embeddable":true,"href":"https:\/\/redemz.schaadt-online.de\/wp_sh2\/index.php?rest_route=%2Fwp%2Fv2%2Fcomments&post=142"}],"version-history":[{"count":8,"href":"https:\/\/redemz.schaadt-online.de\/wp_sh2\/index.php?rest_route=\/wp\/v2\/pages\/142\/revisions"}],"predecessor-version":[{"id":414,"href":"https:\/\/redemz.schaadt-online.de\/wp_sh2\/index.php?rest_route=\/wp\/v2\/pages\/142\/revisions\/414"}],"wp:attachment":[{"href":"https:\/\/redemz.schaadt-online.de\/wp_sh2\/index.php?rest_route=%2Fwp%2Fv2%2Fmedia&parent=142"}],"curies":[{"name":"wp","href":"https:\/\/api.w.org\/{rel}","templated":true}]}}